{"id":66340,"date":"2024-04-26T08:46:20","date_gmt":"2024-04-26T08:46:20","guid":{"rendered":"https:\/\/halalfoundation.org\/obten-tu-presupuesto\/"},"modified":"2024-12-13T22:58:19","modified_gmt":"2024-12-13T22:58:19","slug":"obtener-una-cotizacion","status":"publish","type":"page","link":"https:\/\/halalfoundation.org\/es\/obtener-una-cotizacion\/","title":{"rendered":"Obtener una Cotizaci\u00f3n"},"content":{"rendered":"<p>[et_pb_section fb_built=\u00bb1&#8243; custom_padding_last_edited=\u00bbon|phone\u00bb _builder_version=\u00bb4.27.0&#8243; _module_preset=\u00bbdefault\u00bb z_index=\u00bb376&#8243; min_height=\u00bb500px\u00bb custom_padding=\u00bb20px||40px||false|false\u00bb custom_padding_tablet=\u00bb20px||40px||false|false\u00bb custom_padding_phone=\u00bb0px||40px||false|false\u00bb locked=\u00bboff\u00bb global_colors_info=\u00bb{}\u00bb][et_pb_row _builder_version=\u00bb4.16&#8243; _module_preset=\u00bbdefault\u00bb global_colors_info=\u00bb{}\u00bb][et_pb_column type=\u00bb4_4&#8243; _builder_version=\u00bb4.16&#8243; _module_preset=\u00bbdefault\u00bb global_colors_info=\u00bb{}\u00bb][et_pb_text _builder_version=\u00bb4.16&#8243; _dynamic_attributes=\u00bbcontent\u00bb _module_preset=\u00bbdefault\u00bb text_font=\u00bbCanela-Medium||||||||\u00bb text_text_color=\u00bbgcid-33c40e36-5fa8-4e2f-98a7-fb5d9ab1e7b5&#8243; text_font_size=\u00bb42px\u00bb text_line_height=\u00bb1.3em\u00bb header_text_align=\u00bbcenter\u00bb header_font_size=\u00bb42px\u00bb text_orientation=\u00bbcenter\u00bb background_layout=\u00bbdark\u00bb custom_padding=\u00bb|17%||17%|false|true\u00bb custom_padding_tablet=\u00bb|8%||8%|false|true\u00bb custom_padding_phone=\u00bb|5%||5%|false|true\u00bb custom_padding_last_edited=\u00bbon|phone\u00bb scroll_vertical_motion=\u00bb0|50|50|100|1|0|-2&#8243; text_font_size_tablet=\u00bb32px\u00bb text_font_size_phone=\u00bb26px\u00bb text_font_size_last_edited=\u00bbon|desktop\u00bb locked=\u00bboff\u00bb global_colors_info=\u00bb{%22gcid-33c40e36-5fa8-4e2f-98a7-fb5d9ab1e7b5%22:%91%22header_2_text_color%22,%22header_3_text_color%22,%22header_4_text_color%22,%22header_2_text_color%22,%22header_3_text_color%22,%22header_4_text_color%22,%22text_text_color%22,%22header_text_color%22%93}\u00bb]@ET-DC@eyJkeW5hbWljIjp0cnVlLCJjb250ZW50IjoicG9zdF90aXRsZSIsInNldHRpbmdzIjp7ImJlZm9yZSI6IjxoMT4iLCJhZnRlciI6IjwvaDE+IiwiZW5hYmxlX2h0bWwiOiJvZmYifX0=@[\/et_pb_text][et_pb_code _builder_version=\u00bb4.27.0&#8243; _module_preset=\u00bbdefault\u00bb z_index=\u00bb99999&#8243; hover_enabled=\u00bb0&#8243; locked=\u00bboff\u00bb global_colors_info=\u00bb{}\u00bb custom_css_main_element_last_edited=\u00bboff|desktop\u00bb custom_css_main_element_tablet=\u00bbheight: 450px;\u00bb sticky_enabled=\u00bb0&#8243;]<\/p>\n<div data-tf-live=\"01HWCSD09KJNV0T1HT0MBED9VR\" data-tf-hidden=\"ad_id=\"><\/div>\n<p><script src=\"\/\/embed.typeform.com\/next\/embed.js\"><\/script>[\/et_pb_code][et_pb_text _builder_version=\u00bb4.24.2&#8243; _module_preset=\u00bbdefault\u00bb custom_padding=\u00bb|20%||20%|false|true\u00bb custom_padding_tablet=\u00bb|20%||20%|false|true\u00bb custom_padding_phone=\u00bb|4%||4%|false|true\u00bb custom_padding_last_edited=\u00bbon|phone\u00bb hover_enabled=\u00bb0&#8243; global_colors_info=\u00bb{}\u00bb sticky_enabled=\u00bb0&#8243;]<\/p>\n<p style=\"text-align: center;\">Obt\u00e9n un presupuesto para la certificaci\u00f3n halal a trav\u00e9s de la AHF y expande tu negocio en el vasto e inexplotado mercado halal de alimentos y bebidas. Inicia tu solicitud ahora para dar el primer paso hacia el alcance del mercado mundial. <\/p>\n<p>[\/et_pb_text][et_pb_code _builder_version=\u00bb4.27.0&#8243; _module_preset=\u00bbdefault\u00bb z_index=\u00bb99&#8243; hover_enabled=\u00bb0&#8243; global_colors_info=\u00bb{}\u00bb sticky_enabled=\u00bb0&#8243;]<script><!-- [et_pb_line_break_holder] -->\tjQuery(function($){<!-- [et_pb_line_break_holder] --><!-- [et_pb_line_break_holder] -->    $('#post-48572').on('click',function() { <!-- [et_pb_line_break_holder] -->      console.log('aaa')<!-- [et_pb_line_break_holder] -->     document.querySelector('#post-48572').scrollIntoView({behavior: \"smooth\"});<!-- [et_pb_line_break_holder] -->        <!-- [et_pb_line_break_holder] -->    })<!-- [et_pb_line_break_holder] -->    document.getElementById(\"iframe_id\").contentWindow.document.body.onclick = <!-- [et_pb_line_break_holder] -->function() {<!-- [et_pb_line_break_holder] -->  alert(\"iframe clicked\");<!-- [et_pb_line_break_holder] -->}<!-- [et_pb_line_break_holder] --><!-- [et_pb_line_break_holder] -->});<!-- [et_pb_line_break_holder] --><!-- [et_pb_line_break_holder] --><\/script>[\/et_pb_code][et_pb_code _builder_version=\u00bb4.16&#8243; _module_preset=\u00bbdefault\u00bb global_colors_info=\u00bb{}\u00bb]<script><!-- [et_pb_line_break_holder] -->  <!-- [et_pb_line_break_holder] -->\tjQuery(function($){ <!-- [et_pb_line_break_holder] -->    (function( func ) {<!-- [et_pb_line_break_holder] -->    $.fn.addClass = function() { \/\/ replace the existing function on $.fn<!-- [et_pb_line_break_holder] -->        func.apply( this, arguments ); \/\/ invoke the original function<!-- [et_pb_line_break_holder] -->        this.trigger('classChanged'); \/\/ trigger the custom event<!-- [et_pb_line_break_holder] -->        return this; \/\/ retain jQuery chainability<!-- [et_pb_line_break_holder] -->    }<!-- [et_pb_line_break_holder] -->})($.fn.addClass); \/\/ pass the original function as an argument<!-- [et_pb_line_break_holder] --><!-- [et_pb_line_break_holder] -->(function( func ) {<!-- [et_pb_line_break_holder] -->    $.fn.removeClass = function() {<!-- [et_pb_line_break_holder] -->        func.apply( this, arguments );<!-- [et_pb_line_break_holder] -->        this.trigger('classChanged');<!-- [et_pb_line_break_holder] -->        return this;<!-- [et_pb_line_break_holder] -->    }<!-- [et_pb_line_break_holder] -->})($.fn.removeClass);<!-- [et_pb_line_break_holder] -->    <!-- [et_pb_line_break_holder] -->    $('#type_form').on('classChanged', function(){ console.log(\"type_form\");<!-- [et_pb_line_break_holder] -->                                                 });<!-- [et_pb_line_break_holder] -->    <!-- [et_pb_line_break_holder] --><!-- [et_pb_line_break_holder] -->});<!-- [et_pb_line_break_holder] --><!-- [et_pb_line_break_holder] --><\/script>[\/et_pb_code][\/et_pb_column][\/et_pb_row][\/et_pb_section]<\/p>\n","protected":false},"excerpt":{"rendered":"<p>Obt\u00e9n un presupuesto para la certificaci\u00f3n halal a trav\u00e9s de la AHF y expande tu negocio en el vasto e inexplotado mercado halal de alimentos y bebidas. Inicia tu solicitud ahora para dar el primer paso hacia el alcance del mercado mundial.<\/p>\n","protected":false},"author":3,"featured_media":0,"parent":0,"menu_order":0,"comment_status":"closed","ping_status":"closed","template":"","meta":{"_acf_changed":false,"_et_pb_use_builder":"on","_et_pb_old_content":"","_et_gb_content_width":"","footnotes":""},"class_list":["post-66340","page","type-page","status-publish","hentry"],"acf":[],"yoast_head":"<!-- This site is optimized with the Yoast SEO plugin v27.3 - https:\/\/yoast.com\/product\/yoast-seo-wordpress\/ -->\n<title>Obtener una Cotizaci\u00f3n - \u00a1Obt\u00e9n un presupuesto de Certificaci\u00f3n Halal en 24 horas!<\/title>\n<meta name=\"description\" content=\"Aprende cu\u00e1nto cuesta la certificaci\u00f3n halal obteniendo un presupuesto de certificaci\u00f3n halal a trav\u00e9s de AHF, y evaluando su potencial de inversi\u00f3n.\" \/>\n<meta name=\"robots\" content=\"index, follow, max-snippet:-1, max-image-preview:large, max-video-preview:-1\" \/>\n<link rel=\"canonical\" href=\"https:\/\/halalfoundation.org\/es\/obtener-una-cotizacion\/\" \/>\n<meta property=\"og:locale\" content=\"es_ES\" \/>\n<meta property=\"og:type\" content=\"article\" \/>\n<meta property=\"og:title\" content=\"Obtener una Cotizaci\u00f3n - \u00a1Obt\u00e9n un presupuesto de Certificaci\u00f3n Halal en 24 horas!\" \/>\n<meta property=\"og:description\" content=\"Aprende cu\u00e1nto cuesta la certificaci\u00f3n halal obteniendo un presupuesto de certificaci\u00f3n halal a trav\u00e9s de AHF, y evaluando su potencial de inversi\u00f3n.\" \/>\n<meta property=\"og:url\" content=\"https:\/\/halalfoundation.org\/es\/obtener-una-cotizacion\/\" \/>\n<meta property=\"og:site_name\" content=\"American Halal Foundation\" \/>\n<meta property=\"article:modified_time\" content=\"2024-12-13T22:58:19+00:00\" \/>\n<meta property=\"og:image\" content=\"https:\/\/halalfoundation.org\/wp-content\/uploads\/2022\/02\/illustration-1.jpg\" \/>\n\t<meta property=\"og:image:width\" content=\"1300\" \/>\n\t<meta property=\"og:image:height\" content=\"980\" \/>\n\t<meta property=\"og:image:type\" content=\"image\/jpeg\" \/>\n<meta name=\"twitter:card\" content=\"summary_large_image\" \/>\n<meta name=\"twitter:label1\" content=\"Tiempo de lectura\" \/>\n\t<meta name=\"twitter:data1\" content=\"2 minutos\" \/>\n<script type=\"application\/ld+json\" class=\"yoast-schema-graph\">{\"@context\":\"https:\\\/\\\/schema.org\",\"@graph\":[{\"@type\":\"WebPage\",\"@id\":\"https:\\\/\\\/halalfoundation.org\\\/es\\\/obtener-una-cotizacion\\\/\",\"url\":\"https:\\\/\\\/halalfoundation.org\\\/es\\\/obtener-una-cotizacion\\\/\",\"name\":\"Obtener una Cotizaci\u00f3n - \u00a1Obt\u00e9n un presupuesto de Certificaci\u00f3n Halal en 24 horas!\",\"isPartOf\":{\"@id\":\"https:\\\/\\\/halalfoundation.org\\\/es\\\/#website\"},\"datePublished\":\"2024-04-26T08:46:20+00:00\",\"dateModified\":\"2024-12-13T22:58:19+00:00\",\"description\":\"Aprende cu\u00e1nto cuesta la certificaci\u00f3n halal obteniendo un presupuesto de certificaci\u00f3n halal a trav\u00e9s de AHF, y evaluando su potencial de inversi\u00f3n.\",\"breadcrumb\":{\"@id\":\"https:\\\/\\\/halalfoundation.org\\\/es\\\/obtener-una-cotizacion\\\/#breadcrumb\"},\"inLanguage\":\"es\",\"potentialAction\":[{\"@type\":\"ReadAction\",\"target\":[\"https:\\\/\\\/halalfoundation.org\\\/es\\\/obtener-una-cotizacion\\\/\"]}]},{\"@type\":\"BreadcrumbList\",\"@id\":\"https:\\\/\\\/halalfoundation.org\\\/es\\\/obtener-una-cotizacion\\\/#breadcrumb\",\"itemListElement\":[{\"@type\":\"ListItem\",\"position\":1,\"name\":\"Home\",\"item\":\"https:\\\/\\\/halalfoundation.org\\\/es\\\/\"},{\"@type\":\"ListItem\",\"position\":2,\"name\":\"Obtener una Cotizaci\u00f3n\"}]},{\"@type\":\"WebSite\",\"@id\":\"https:\\\/\\\/halalfoundation.org\\\/es\\\/#website\",\"url\":\"https:\\\/\\\/halalfoundation.org\\\/es\\\/\",\"name\":\"American Halal Foundation\",\"description\":\"\",\"publisher\":{\"@id\":\"https:\\\/\\\/halalfoundation.org\\\/es\\\/#organization\"},\"potentialAction\":[{\"@type\":\"SearchAction\",\"target\":{\"@type\":\"EntryPoint\",\"urlTemplate\":\"https:\\\/\\\/halalfoundation.org\\\/es\\\/?s={search_term_string}\"},\"query-input\":{\"@type\":\"PropertyValueSpecification\",\"valueRequired\":true,\"valueName\":\"search_term_string\"}}],\"inLanguage\":\"es\"},{\"@type\":\"Organization\",\"@id\":\"https:\\\/\\\/halalfoundation.org\\\/es\\\/#organization\",\"name\":\"American Halal Foundation\",\"alternateName\":\"AHF\",\"url\":\"https:\\\/\\\/halalfoundation.org\\\/es\\\/\",\"logo\":{\"@type\":\"ImageObject\",\"inLanguage\":\"es\",\"@id\":\"https:\\\/\\\/halalfoundation.org\\\/es\\\/#\\\/schema\\\/logo\\\/image\\\/\",\"url\":\"https:\\\/\\\/halalfoundation.org\\\/wp-content\\\/uploads\\\/2022\\\/03\\\/halal-logo.webp\",\"contentUrl\":\"https:\\\/\\\/halalfoundation.org\\\/wp-content\\\/uploads\\\/2022\\\/03\\\/halal-logo.webp\",\"width\":211,\"height\":59,\"caption\":\"American Halal Foundation\"},\"image\":{\"@id\":\"https:\\\/\\\/halalfoundation.org\\\/es\\\/#\\\/schema\\\/logo\\\/image\\\/\"}}]}<\/script>\n<!-- \/ Yoast SEO plugin. -->","yoast_head_json":{"title":"Obtener una Cotizaci\u00f3n - \u00a1Obt\u00e9n un presupuesto de Certificaci\u00f3n Halal en 24 horas!","description":"Aprende cu\u00e1nto cuesta la certificaci\u00f3n halal obteniendo un presupuesto de certificaci\u00f3n halal a trav\u00e9s de AHF, y evaluando su potencial de inversi\u00f3n.","robots":{"index":"index","follow":"follow","max-snippet":"max-snippet:-1","max-image-preview":"max-image-preview:large","max-video-preview":"max-video-preview:-1"},"canonical":"https:\/\/halalfoundation.org\/es\/obtener-una-cotizacion\/","og_locale":"es_ES","og_type":"article","og_title":"Obtener una Cotizaci\u00f3n - \u00a1Obt\u00e9n un presupuesto de Certificaci\u00f3n Halal en 24 horas!","og_description":"Aprende cu\u00e1nto cuesta la certificaci\u00f3n halal obteniendo un presupuesto de certificaci\u00f3n halal a trav\u00e9s de AHF, y evaluando su potencial de inversi\u00f3n.","og_url":"https:\/\/halalfoundation.org\/es\/obtener-una-cotizacion\/","og_site_name":"American Halal Foundation","article_modified_time":"2024-12-13T22:58:19+00:00","og_image":[{"width":1300,"height":980,"url":"https:\/\/halalfoundation.org\/wp-content\/uploads\/2022\/02\/illustration-1.jpg","type":"image\/jpeg"}],"twitter_card":"summary_large_image","twitter_misc":{"Tiempo de lectura":"2 minutos"},"schema":{"@context":"https:\/\/schema.org","@graph":[{"@type":"WebPage","@id":"https:\/\/halalfoundation.org\/es\/obtener-una-cotizacion\/","url":"https:\/\/halalfoundation.org\/es\/obtener-una-cotizacion\/","name":"Obtener una Cotizaci\u00f3n - \u00a1Obt\u00e9n un presupuesto de Certificaci\u00f3n Halal en 24 horas!","isPartOf":{"@id":"https:\/\/halalfoundation.org\/es\/#website"},"datePublished":"2024-04-26T08:46:20+00:00","dateModified":"2024-12-13T22:58:19+00:00","description":"Aprende cu\u00e1nto cuesta la certificaci\u00f3n halal obteniendo un presupuesto de certificaci\u00f3n halal a trav\u00e9s de AHF, y evaluando su potencial de inversi\u00f3n.","breadcrumb":{"@id":"https:\/\/halalfoundation.org\/es\/obtener-una-cotizacion\/#breadcrumb"},"inLanguage":"es","potentialAction":[{"@type":"ReadAction","target":["https:\/\/halalfoundation.org\/es\/obtener-una-cotizacion\/"]}]},{"@type":"BreadcrumbList","@id":"https:\/\/halalfoundation.org\/es\/obtener-una-cotizacion\/#breadcrumb","itemListElement":[{"@type":"ListItem","position":1,"name":"Home","item":"https:\/\/halalfoundation.org\/es\/"},{"@type":"ListItem","position":2,"name":"Obtener una Cotizaci\u00f3n"}]},{"@type":"WebSite","@id":"https:\/\/halalfoundation.org\/es\/#website","url":"https:\/\/halalfoundation.org\/es\/","name":"American Halal Foundation","description":"","publisher":{"@id":"https:\/\/halalfoundation.org\/es\/#organization"},"potentialAction":[{"@type":"SearchAction","target":{"@type":"EntryPoint","urlTemplate":"https:\/\/halalfoundation.org\/es\/?s={search_term_string}"},"query-input":{"@type":"PropertyValueSpecification","valueRequired":true,"valueName":"search_term_string"}}],"inLanguage":"es"},{"@type":"Organization","@id":"https:\/\/halalfoundation.org\/es\/#organization","name":"American Halal Foundation","alternateName":"AHF","url":"https:\/\/halalfoundation.org\/es\/","logo":{"@type":"ImageObject","inLanguage":"es","@id":"https:\/\/halalfoundation.org\/es\/#\/schema\/logo\/image\/","url":"https:\/\/halalfoundation.org\/wp-content\/uploads\/2022\/03\/halal-logo.webp","contentUrl":"https:\/\/halalfoundation.org\/wp-content\/uploads\/2022\/03\/halal-logo.webp","width":211,"height":59,"caption":"American Halal Foundation"},"image":{"@id":"https:\/\/halalfoundation.org\/es\/#\/schema\/logo\/image\/"}}]}},"_links":{"self":[{"href":"https:\/\/halalfoundation.org\/es\/wp-json\/wp\/v2\/pages\/66340","targetHints":{"allow":["GET"]}}],"collection":[{"href":"https:\/\/halalfoundation.org\/es\/wp-json\/wp\/v2\/pages"}],"about":[{"href":"https:\/\/halalfoundation.org\/es\/wp-json\/wp\/v2\/types\/page"}],"author":[{"embeddable":true,"href":"https:\/\/halalfoundation.org\/es\/wp-json\/wp\/v2\/users\/3"}],"replies":[{"embeddable":true,"href":"https:\/\/halalfoundation.org\/es\/wp-json\/wp\/v2\/comments?post=66340"}],"version-history":[{"count":3,"href":"https:\/\/halalfoundation.org\/es\/wp-json\/wp\/v2\/pages\/66340\/revisions"}],"predecessor-version":[{"id":66343,"href":"https:\/\/halalfoundation.org\/es\/wp-json\/wp\/v2\/pages\/66340\/revisions\/66343"}],"wp:attachment":[{"href":"https:\/\/halalfoundation.org\/es\/wp-json\/wp\/v2\/media?parent=66340"}],"curies":[{"name":"wp","href":"https:\/\/api.w.org\/{rel}","templated":true}]}}